{"id":32611,"date":"2020-11-16T11:32:29","date_gmt":"2020-11-16T09:32:29","guid":{"rendered":"https:\/\/andorraskirental.com\/lloguer-esquis-canillo\/"},"modified":"2024-10-30T13:22:03","modified_gmt":"2024-10-30T11:22:03","slug":"location-skis-canillo","status":"publish","type":"page","link":"https:\/\/andorraskirental.com\/fr\/location-skis-canillo\/","title":{"rendered":"Location skis \u00e0 Canillo &#8211; Esports Elit"},"content":{"rendered":"<p>[vc_row full_width=&#8221;stretch_row&#8221; content_placement=&#8221;middle&#8221; css=&#8221;.vc_custom_1573831270269{background-image: url(https:\/\/andorraskirental.com\/wp-content\/uploads\/2019\/11\/imatge-fons-botigues-logo.jpg?id=31822) !important;background-position: center !important;background-repeat: no-repeat !important;background-size: cover !important;}&#8221;][vc_column width=&#8221;1\/4&#8243;][vc_single_image image=&#8221;32499&#8243; img_size=&#8221;large&#8221;][\/vc_column][vc_column width=&#8221;3\/4&#8243;][vc_custom_heading text=&#8221;Votre magasin de location de ski \u00e0 Canillo&#8221; font_container=&#8221;tag:h1|font_size:25|text_align:justify|color:%23cc0036&#8243; google_fonts=&#8221;font_family:Permanent%20Marker%3Aregular|font_style:400%20regular%3A400%3Anormal&#8221;][\/vc_column][\/vc_row][vc_row css=&#8221;.vc_custom_1569252059800{margin-top: 20px !important;margin-bottom: 20px !important;}&#8221;][vc_column][vc_btn title=&#8221;Location sur le site du magasin&#8221; style=&#8221;custom&#8221; custom_background=&#8221;#028ed9&#8243; custom_text=&#8221;#ffffff&#8221; size=&#8221;lg&#8221; align=&#8221;left&#8221; i_type=&#8221;typicons&#8221; i_icon_typicons=&#8221;typcn typcn-arrow-right&#8221; add_icon=&#8221;true&#8221; link=&#8221;url:https%3A%2F%2Fesportselit.com%2Flloguer-de-material%2F|title:Lloguer%20esqu%C3%ADs%20Esports%20Elit|target:%20_blank|&#8221;][\/vc_column][\/vc_row][vc_row][vc_column][vc_custom_heading text=&#8221;Nous avantages&#8221; google_fonts=&#8221;font_family:Permanent%20Marker%3Aregular|font_style:400%20regular%3A400%3Anormal&#8221; css=&#8221;.vc_custom_1609340532418{margin-bottom: -20px !important;}&#8221;][\/vc_column][\/vc_row][vc_row equal_height=&#8221;yes&#8221; css=&#8221;.vc_custom_1568195981496{padding-top: 40px !important;padding-bottom: 10px !important;}&#8221;][vc_column width=&#8221;1\/3&#8243;]<div data-id=\"mpc_callout-556a09a9e02a49b\" class=\"mpc-callout mpc-init mpc-callout--style_2 \" ><div class=\"mpc-callout__icon-wrap mpc-icon--image\"><div class=\"mpc-callout__icon\"><i class=\"mpc-transition \"><img loading=\"lazy\" decoding=\"async\" class=\"\" src=\"https:\/\/andorraskirental.com\/wp-content\/uploads\/2020\/11\/hiking-70x70.png\" width=\"70\" height=\"70\" alt=\"Guies de muntanya\" title=\"hiking\" \/><\/i><\/div><\/div><div class=\"mpc-callout__content\"><h3 class=\"mpc-callout__heading mpc-typography--mpc_preset_47\">Guides de montagne<\/h3><div data-id=\"mpc_divider-796a09a9e02a4ce\" class=\"mpc-divider-wrap\"><div class=\"mpc-divider mpc-init mpc-align--center mpc-disable--left \" ><div class=\"mpc-divider__line mpc-side--left\"><span><\/span><\/div><div class=\"mpc-divider__line mpc-side--right\"><span><\/span><\/div><\/div><\/div><div class=\"mpc-callout__description\"><p class=\"p1\">Chez Esports Elit, nous sommes \u00e9galement une agence de guides de montagne. Nous faisons des sorties guid\u00e9es et nous avons un personnel qualifi\u00e9 pour vous guider dans de multiples options de randonn\u00e9e, via ferrata et VTT en \u00e9t\u00e9; raquettes a neige, le ski de randonn\u00e9e et le t\u00e9l\u00e9mark en hiver.<\/p>\n<\/div><\/div><\/div>[\/vc_column][vc_column width=&#8221;1\/3&#8243;]<div data-id=\"mpc_callout-416a09a9e02a7c4\" class=\"mpc-callout mpc-init mpc-callout--style_2 \" ><div class=\"mpc-callout__icon-wrap mpc-icon--image\"><div class=\"mpc-callout__icon\"><i class=\"mpc-transition \"><img loading=\"lazy\" decoding=\"async\" class=\"\" src=\"https:\/\/andorraskirental.com\/wp-content\/uploads\/2020\/11\/skiing-70x70.png\" width=\"70\" height=\"70\" alt=\"Lloguer telemark\" title=\"skiing\" \/><\/i><\/div><\/div><div class=\"mpc-callout__content\"><h3 class=\"mpc-callout__heading mpc-typography--mpc_preset_47\">Sp\u00e9cialistes en Telemark et Ski de Randon\u00e9e<\/h3><div data-id=\"mpc_divider-996a09a9e02a7e1\" class=\"mpc-divider-wrap\"><div class=\"mpc-divider mpc-init mpc-align--center mpc-disable--left \" ><div class=\"mpc-divider__line mpc-side--left\"><span><\/span><\/div><div class=\"mpc-divider__line mpc-side--right\"><span><\/span><\/div><\/div><\/div><div class=\"mpc-callout__description\"><p class=\"p1\">Nous sommes un magasin de vente et de location de skis et de snowboard. Nous sommes \u00e9galement sp\u00e9cialistes en t\u00e9l\u00e9mark, ski de randonn\u00e9e et raquettes a neige. Nous disposons de tout le mat\u00e9riel de s\u00e9curit\u00e9 n\u00e9cessaire: \u00e9quipement ARVA (ARVA-pelle-sonde), crampons, piolets.<\/p>\n<\/div><\/div><\/div>[\/vc_column][vc_column width=&#8221;1\/3&#8243;]<div data-id=\"mpc_callout-756a09a9e02aacc\" class=\"mpc-callout mpc-init mpc-callout--style_2 \" ><div class=\"mpc-callout__icon-wrap mpc-icon--image\"><div class=\"mpc-callout__icon\"><i class=\"mpc-transition \"><img loading=\"lazy\" decoding=\"async\" class=\"\" src=\"https:\/\/andorraskirental.com\/wp-content\/uploads\/2020\/11\/lloguer-bicicletes-70x70.png\" width=\"70\" height=\"70\" alt=\"Lloguer btt\" title=\"lloguer bicicletes\" \/><\/i><\/div><\/div><div class=\"mpc-callout__content\"><h3 class=\"mpc-callout__heading mpc-typography--mpc_preset_47\">Location de v\u00e9lo<\/h3><div data-id=\"mpc_divider-956a09a9e02aaed\" class=\"mpc-divider-wrap\"><div class=\"mpc-divider mpc-init mpc-align--center mpc-disable--left \" ><div class=\"mpc-divider__line mpc-side--left\"><span><\/span><\/div><div class=\"mpc-divider__line mpc-side--right\"><span><\/span><\/div><\/div><\/div><div class=\"mpc-callout__description\"><p class=\"p1\">Pendant les mois d&#8217;\u00e9t\u00e9, nous louons des VTT, des v\u00e9los \u00e9lectriques et des \u00e9quipements de via ferrata. Dans notre magasin, vous trouverez les meilleures marques et vous pourrez choisir parmi une large gamme d&#8217;options, quel que soit votre niveau. Profitez de la montagne toute l&#8217;ann\u00e9e.<\/p>\n<\/div><\/div><\/div>[\/vc_column][\/vc_row][vc_row css=&#8221;.vc_custom_1569251180807{margin-top: 40px !important;}&#8221;][vc_column][vc_custom_heading text=&#8221;Photos du magazin&#8221; google_fonts=&#8221;font_family:Permanent%20Marker%3Aregular|font_style:400%20regular%3A400%3Anormal&#8221; css=&#8221;.vc_custom_1609340708250{margin-bottom: -20px !important;}&#8221;][\/vc_column][\/vc_row][vc_row css=&#8221;.vc_custom_1569342472673{margin-top: 40px !important;}&#8221;][vc_column]<div class=\"mpc-carousel__wrapper mpc-waypoint\"><div id=\"mpc_carousel_image-116a09a9e02ab7f\" class=\"mpc-carousel-image mpc-init mpc-animation mpc-layout--classic mpc-effect--none  mpc-overlay--slide-down\"  data-animation-in=\"transition.fadeIn||300||0||100\" data-mpcslick='{\"infinite\":true,\"autoplay\":true,\"slidesToShow\":4,\"slidesToScroll\":1,\"centerMode\":false,\"initialSlide\":0,\"autoplaySpeed\":1000,\"speed\":1000}' data-slick-cols=\"4\" data-align=\"middle-center\"><div class=\"mpc-carousel__item-wrapper\" data-height=\"427\"><div onclick=\"\" class=\"mpc-item mpc-transition\"><div class=\"mpc-border\"><\/div><img loading=\"lazy\" decoding=\"async\" width=\"300\" height=\"200\" src=\"https:\/\/andorraskirental.com\/wp-content\/uploads\/2020\/11\/lloguer-esports-elit-300x200.jpg\" class=\"mpc-transition attachment-medium\" alt=\"Lloguer Esports Elit\" srcset=\"https:\/\/andorraskirental.com\/wp-content\/uploads\/2020\/11\/lloguer-esports-elit-300x200.jpg 300w, https:\/\/andorraskirental.com\/wp-content\/uploads\/2020\/11\/lloguer-esports-elit-768x513.jpg 768w, https:\/\/andorraskirental.com\/wp-content\/uploads\/2020\/11\/lloguer-esports-elit-500x334.jpg 500w, https:\/\/andorraskirental.com\/wp-content\/uploads\/2020\/11\/lloguer-esports-elit.jpg 800w\" sizes=\"auto, (max-width: 300px) 100vw, 300px\" \/><div class=\"mpc-item-overlay mpc-transition\"><div class=\"mpc-overlay--vertical-wrap\"><div class=\"mpc-overlay--vertical\"><a href=\"https:\/\/andorraskirental.com\/wp-content\/uploads\/2020\/11\/lloguer-esports-elit.jpg\" rel=\"mpc[mpc_carousel_image-116a09a9e02ab7f]\" class=\"mpc-icon-anchor mpc-magnific-popup\"><i class=\"mpc-item-overlay__icon mpc-type--lightbox ti ti-zoom-in mpc-icon--icon\"><\/i><\/a><\/div><\/div><\/div><\/div><\/div><div class=\"mpc-carousel__item-wrapper\" data-height=\"427\"><div onclick=\"\" class=\"mpc-item mpc-transition\"><div class=\"mpc-border\"><\/div><img loading=\"lazy\" decoding=\"async\" width=\"300\" height=\"200\" src=\"https:\/\/andorraskirental.com\/wp-content\/uploads\/2020\/11\/lloguer-esports-elit2-300x200.jpg\" class=\"mpc-transition attachment-medium\" alt=\"Lloguer Esports Elit\" srcset=\"https:\/\/andorraskirental.com\/wp-content\/uploads\/2020\/11\/lloguer-esports-elit2-300x200.jpg 300w, https:\/\/andorraskirental.com\/wp-content\/uploads\/2020\/11\/lloguer-esports-elit2-768x513.jpg 768w, https:\/\/andorraskirental.com\/wp-content\/uploads\/2020\/11\/lloguer-esports-elit2-500x334.jpg 500w, https:\/\/andorraskirental.com\/wp-content\/uploads\/2020\/11\/lloguer-esports-elit2.jpg 800w\" sizes=\"auto, (max-width: 300px) 100vw, 300px\" \/><div class=\"mpc-item-overlay mpc-transition\"><div class=\"mpc-overlay--vertical-wrap\"><div class=\"mpc-overlay--vertical\"><a href=\"https:\/\/andorraskirental.com\/wp-content\/uploads\/2020\/11\/lloguer-esports-elit2.jpg\" rel=\"mpc[mpc_carousel_image-116a09a9e02ab7f]\" class=\"mpc-icon-anchor mpc-magnific-popup\"><i class=\"mpc-item-overlay__icon mpc-type--lightbox ti ti-zoom-in mpc-icon--icon\"><\/i><\/a><\/div><\/div><\/div><\/div><\/div><\/div><div class=\"mpc-navigation mpc-init mpc-align--left mpc-navigation--style_1  mpc-nav-preset--\" data-mpcslider=\"mpc_carousel_image-116a09a9e02ab7f\"><div class=\"mpc-nav__arrow mpcslick-prev\"><div class=\"mpc-nav__icon mpc-transition\"><i class=\"\"><div class=\"mpc-nav__background mpc-transition mpc-effect-type--fade mpc-effect-side--in\"><\/div><\/i><\/div><\/div><div class=\"mpc-nav__arrow mpcslick-next\"><div class=\"mpc-nav__icon mpc-transition\"><i class=\"\"><div class=\"mpc-nav__background mpc-transition mpc-effect-type--fade mpc-effect-side--in\"><\/div><\/i><\/div><\/div><\/div><\/div>[\/vc_column][\/vc_row][vc_row][vc_column css=&#8221;.vc_custom_1568047258296{padding-top: 25px !important;}&#8221;][vc_custom_heading text=&#8221;O\u00f9 nous trouver?&#8221; google_fonts=&#8221;font_family:Permanent%20Marker%3Aregular|font_style:400%20regular%3A400%3Anormal&#8221;][vc_gmaps link=&#8221;#E-8_JTNDaWZyYW1lJTIwc3JjJTNEJTIyaHR0cHMlM0ElMkYlMkZ3d3cuZ29vZ2xlLmNvbSUyRm1hcHMlMkZlbWJlZCUzRnBiJTNEJTIxMW0xNCUyMTFtOCUyMTFtMyUyMTFkMjU3NC4yOTgxMDAyODkyMTklMjEyZDEuNjA0NDU4ODI5ODU2MDE4NyUyMTNkNDIuNTY4ODMzOTAwNTQ0NjMlMjEzbTIlMjExaTEwMjQlMjEyaTc2OCUyMTRmMTMuMSUyMTNtMyUyMTFtMiUyMTFzMHgwJTI1M0EweGYzNjY2MDZlYzQ5ZmE4M2ElMjEyc0VzcG9ydHMlMjUyMEVsaXQlMjE1ZTAlMjEzbTIlMjExc2NhJTIxMnN1cyUyMTR2MTYwNTUyMjQzMjEwNiUyMTVtMiUyMTFzY2ElMjEyc3VzJTIyJTIwd2lkdGglM0QlMjI2MDAlMjIlMjBoZWlnaHQlM0QlMjI0NTAlMjIlMjBmcmFtZWJvcmRlciUzRCUyMjAlMjIlMjBzdHlsZSUzRCUyMmJvcmRlciUzQTAlM0IlMjIlMjBhbGxvd2Z1bGxzY3JlZW4lM0QlMjIlMjIlMjBhcmlhLWhpZGRlbiUzRCUyMmZhbHNlJTIyJTIwdGFiaW5kZXglM0QlMjIwJTIyJTNFJTNDJTJGaWZyYW1lJTNF&#8221;][\/vc_column][\/vc_row][vc_row][vc_column][vc_custom_heading text=&#8221;DES QUESTIONS? NOUS Y R\u00c9PONDONS!&#8221; google_fonts=&#8221;font_family:Permanent%20Marker%3Aregular|font_style:400%20regular%3A400%3Anormal&#8221; css=&#8221;.vc_custom_1609340752229{margin-top: 40px !important;margin-bottom: -20px !important;}&#8221;][\/vc_column][\/vc_row][vc_row][vc_column width=&#8221;1\/2&#8243; css=&#8221;.vc_custom_1571827098444{margin-top: 40px !important;padding-top: 72px !important;padding-right: 40px !important;padding-bottom: 72px !important;padding-left: 40px !important;background-image: url(https:\/\/andorraskirental.com\/wp-content\/uploads\/2019\/10\/fons-contacte.jpg?id=31652) !important;background-position: 0 0 !important;background-repeat: no-repeat !important;border-radius: 10px !important;}&#8221;][vc_column_text]<\/p>\n<h4><strong>Contacter Esports Elit<\/strong><\/h4>\n<p style=\"text-align: left;\"><span style=\"color: #5c5c5c;\"><strong>Adresse: <\/strong>Av. Sant Joan de Caselles, s\/n. Canillo &#8211; ANDORRA<\/span><\/p>\n<p style=\"text-align: left;\"><span style=\"color: #5c5c5c;\"><strong>Courriel:<\/strong> esportselit@andorra.ad<\/span><\/p>\n<p style=\"text-align: left;\"><span style=\"color: #5c5c5c;\"><strong>T\u00e9l\u00e9phone:<\/strong> +376 330720<\/span><\/p>\n<p style=\"text-align: left;\"><span style=\"color: #5c5c5c;\"><strong>Web:<\/strong> <a href=\"http:\/\/www.esportselit.com\">www.esportselit.com<\/a><\/span><\/p>\n<p>[\/vc_column_text][\/vc_column][vc_column width=&#8221;1\/2&#8243; css=&#8221;.vc_custom_1571827112300{margin-top: 30px !important;padding-top: 30px !important;padding-left: 30px !important;background-color: rgba(255,255,255,0.85) !important;*background-color: rgb(255,255,255) !important;}&#8221;]\n<div class=\"wpcf7 no-js\" id=\"wpcf7-f32618-o1\" lang=\"ca\" dir=\"ltr\" data-wpcf7-id=\"32618\">\n<div class=\"screen-reader-response\"><p role=\"status\" aria-live=\"polite\" aria-atomic=\"true\"><\/p> <ul><\/ul><\/div>\n<form action=\"\/fr\/wp-json\/wp\/v2\/pages\/32611#wpcf7-f32618-o1\" method=\"post\" class=\"wpcf7-form init\" aria-label=\"Formulari de contacte\" novalidate=\"novalidate\" data-status=\"init\">\n<fieldset class=\"hidden-fields-container\"><input type=\"hidden\" name=\"_wpcf7\" value=\"32618\" \/><input type=\"hidden\" name=\"_wpcf7_version\" value=\"6.1.2\" \/><input type=\"hidden\" name=\"_wpcf7_locale\" value=\"ca\" \/><input type=\"hidden\" name=\"_wpcf7_unit_tag\" value=\"wpcf7-f32618-o1\" \/><input type=\"hidden\" name=\"_wpcf7_container_post\" value=\"0\" \/><input type=\"hidden\" name=\"_wpcf7_posted_data_hash\" value=\"\" \/>\n<\/fieldset>\n<p><span class=\"wpcf7-form-control-wrap\" data-name=\"your-name\"><input size=\"40\" maxlength=\"400\" class=\"wpcf7-form-control wpcf7-text wpcf7-validates-as-required\" aria-required=\"true\" aria-invalid=\"false\" placeholder=\"Nom\" value=\"\" type=\"text\" name=\"your-name\" \/><\/span>\n<\/p>\n<p><span class=\"wpcf7-form-control-wrap\" data-name=\"your-email\"><input size=\"40\" maxlength=\"400\" class=\"wpcf7-form-control wpcf7-email wpcf7-validates-as-required wpcf7-text wpcf7-validates-as-email\" aria-required=\"true\" aria-invalid=\"false\" placeholder=\"Courriel\" value=\"\" type=\"email\" name=\"your-email\" \/><\/span>\n<\/p>\n<p><span class=\"wpcf7-form-control-wrap\" data-name=\"your-subject\"><input size=\"40\" maxlength=\"400\" class=\"wpcf7-form-control wpcf7-text\" aria-invalid=\"false\" placeholder=\"Sujet\" value=\"\" type=\"text\" name=\"your-subject\" \/><\/span>\n<\/p>\n<p><span class=\"wpcf7-form-control-wrap\" data-name=\"your-message\"><textarea cols=\"40\" rows=\"4\" maxlength=\"2000\" class=\"wpcf7-form-control wpcf7-textarea\" aria-invalid=\"false\" placeholder=\"Message\" name=\"your-message\"><\/textarea><\/span>\n<\/p>\n<p\/>\n<\/p>\n<p><input class=\"wpcf7-form-control wpcf7-submit has-spinner\" type=\"submit\" value=\"Envoyez le message\" \/>\n<\/p><p style=\"display: none !important;\" class=\"akismet-fields-container\" data-prefix=\"_wpcf7_ak_\"><label>&#916;<textarea name=\"_wpcf7_ak_hp_textarea\" cols=\"45\" rows=\"8\" maxlength=\"100\"><\/textarea><\/label><input type=\"hidden\" id=\"ak_js_1\" name=\"_wpcf7_ak_js\" value=\"15\"\/><script>document.getElementById( \"ak_js_1\" ).setAttribute( \"value\", ( new Date() ).getTime() );<\/script><\/p><div class=\"wpcf7-response-output\" aria-hidden=\"true\"><\/div>\n<\/form>\n<\/div>\n[\/vc_column][\/vc_row]<\/p>\n","protected":false},"excerpt":{"rendered":"<p>[vc_row full_width=&#8221;stretch_row&#8221; content_placement=&#8221;middle&#8221; css=&#8221;.vc_custom_1573831270269{background-image: url(https:\/\/andorraskirental.com\/wp-content\/uploads\/2019\/11\/imatge-fons-botigues-logo.jpg?id=31822) !important;background-position: center !important;background-repeat: no-repeat !important;background-size: cover !important;}&#8221;][vc_column width=&#8221;1\/4&#8243;][vc_single_image image=&#8221;32499&#8243; img_size=&#8221;large&#8221;][\/vc_column][vc_column width=&#8221;3\/4&#8243;][vc_custom_heading text=&#8221;Votre magasin de location de ski \u00e0 Canillo&#8221; font_container=&#8221;tag:h1|font_size:25|text_align:justify|color:%23cc0036&#8243; google_fonts=&#8221;font_family:Permanent%20Marker%3Aregular|font_style:400%20regular%3A400%3Anormal&#8221;][\/vc_column][\/vc_row][vc_row css=&#8221;.vc_custom_1569252059800{margin-top: 20px !important;margin-bottom: 20px !important;}&#8221;][vc_column][vc_btn title=&#8221;Location sur le site du magasin&#8221; style=&#8221;custom&#8221; custom_background=&#8221;#028ed9&#8243; custom_text=&#8221;#ffffff&#8221; size=&#8221;lg&#8221; align=&#8221;left&#8221; i_type=&#8221;typicons&#8221; i_icon_typicons=&#8221;typcn typcn-arrow-right&#8221; add_icon=&#8221;true&#8221; link=&#8221;url:https%3A%2F%2Fesportselit.com%2Flloguer-de-material%2F|title:Lloguer%20esqu%C3%ADs%20Esports%20Elit|target:%20_blank|&#8221;][\/vc_column][\/vc_row][vc_row][vc_column][vc_custom_heading text=&#8221;Nous avantages&#8221; google_fonts=&#8221;font_family:Permanent%20Marker%3Aregular|font_style:400%20regular%3A400%3Anormal&#8221; css=&#8221;.vc_custom_1609340532418{margin-bottom: -20px !important;}&#8221;][\/vc_column][\/vc_row][vc_row equal_height=&#8221;yes&#8221; css=&#8221;.vc_custom_1568195981496{padding-top:<\/p>\n","protected":false},"author":1,"featured_media":0,"parent":0,"menu_order":0,"comment_status":"closed","ping_status":"closed","template":"","meta":{"footnotes":""},"class_list":["post-32611","page","type-page","status-publish","hentry"],"yoast_head":"<!-- This site is optimized with the Yoast SEO plugin v26.0 - https:\/\/yoast.com\/wordpress\/plugins\/seo\/ -->\n<title>Location skis \u00e0 Canillo - Esports Elit - Andorra Ski Rental<\/title>\n<meta name=\"description\" content=\"Chez Esports Elit, nous vous proposons une location de skis et de snowboards \u00e0 Canillo, avec un service personnalis\u00e9 et \u00e0 proximit\u00e9 des pistes.\" \/>\n<meta name=\"robots\" content=\"index, follow, max-snippet:-1, max-image-preview:large, max-video-preview:-1\" \/>\n<link rel=\"canonical\" href=\"https:\/\/andorraskirental.com\/fr\/location-skis-canillo\/\" \/>\n<meta property=\"og:locale\" content=\"fr_FR\" \/>\n<meta property=\"og:type\" content=\"article\" \/>\n<meta property=\"og:title\" content=\"Location skis \u00e0 Canillo - Esports Elit - Andorra Ski Rental\" \/>\n<meta property=\"og:description\" content=\"Chez Esports Elit, nous vous proposons une location de skis et de snowboards \u00e0 Canillo, avec un service personnalis\u00e9 et \u00e0 proximit\u00e9 des pistes.\" \/>\n<meta property=\"og:url\" content=\"https:\/\/andorraskirental.com\/fr\/location-skis-canillo\/\" \/>\n<meta property=\"og:site_name\" content=\"Andorra Ski Rental\" \/>\n<meta property=\"article:modified_time\" content=\"2024-10-30T11:22:03+00:00\" \/>\n<meta name=\"twitter:card\" content=\"summary_large_image\" \/>\n<meta name=\"twitter:label1\" content=\"Dur\u00e9e de lecture estim\u00e9e\" \/>\n\t<meta name=\"twitter:data1\" content=\"3 minutes\" \/>\n<script type=\"application\/ld+json\" class=\"yoast-schema-graph\">{\"@context\":\"https:\/\/schema.org\",\"@graph\":[{\"@type\":\"WebPage\",\"@id\":\"https:\/\/andorraskirental.com\/fr\/location-skis-canillo\/\",\"url\":\"https:\/\/andorraskirental.com\/fr\/location-skis-canillo\/\",\"name\":\"Location skis \u00e0 Canillo - Esports Elit - Andorra Ski Rental\",\"isPartOf\":{\"@id\":\"https:\/\/andorraskirental.com\/fr\/#website\"},\"datePublished\":\"2020-11-16T09:32:29+00:00\",\"dateModified\":\"2024-10-30T11:22:03+00:00\",\"description\":\"Chez Esports Elit, nous vous proposons une location de skis et de snowboards \u00e0 Canillo, avec un service personnalis\u00e9 et \u00e0 proximit\u00e9 des pistes.\",\"breadcrumb\":{\"@id\":\"https:\/\/andorraskirental.com\/fr\/location-skis-canillo\/#breadcrumb\"},\"inLanguage\":\"fr-FR\",\"potentialAction\":[{\"@type\":\"ReadAction\",\"target\":[\"https:\/\/andorraskirental.com\/fr\/location-skis-canillo\/\"]}]},{\"@type\":\"BreadcrumbList\",\"@id\":\"https:\/\/andorraskirental.com\/fr\/location-skis-canillo\/#breadcrumb\",\"itemListElement\":[{\"@type\":\"ListItem\",\"position\":1,\"name\":\"Inici\",\"item\":\"https:\/\/andorraskirental.com\/fr\/\"},{\"@type\":\"ListItem\",\"position\":2,\"name\":\"Location skis \u00e0 Canillo &#8211; Esports Elit\"}]},{\"@type\":\"WebSite\",\"@id\":\"https:\/\/andorraskirental.com\/fr\/#website\",\"url\":\"https:\/\/andorraskirental.com\/fr\/\",\"name\":\"Andorra Ski Rental\",\"description\":\"El portal de lloguer on-line d&#039;esqu\u00eds a Andorra. Properament...\",\"publisher\":{\"@id\":\"https:\/\/andorraskirental.com\/fr\/#organization\"},\"potentialAction\":[{\"@type\":\"SearchAction\",\"target\":{\"@type\":\"EntryPoint\",\"urlTemplate\":\"https:\/\/andorraskirental.com\/fr\/?s={search_term_string}\"},\"query-input\":{\"@type\":\"PropertyValueSpecification\",\"valueRequired\":true,\"valueName\":\"search_term_string\"}}],\"inLanguage\":\"fr-FR\"},{\"@type\":\"Organization\",\"@id\":\"https:\/\/andorraskirental.com\/fr\/#organization\",\"name\":\"Andorra Ski Rental\",\"url\":\"https:\/\/andorraskirental.com\/fr\/\",\"logo\":{\"@type\":\"ImageObject\",\"inLanguage\":\"fr-FR\",\"@id\":\"https:\/\/andorraskirental.com\/fr\/#\/schema\/logo\/image\/\",\"url\":\"https:\/\/andorraskirental.com\/wp-content\/uploads\/2019\/08\/logo-asr-menu-superior.png\",\"contentUrl\":\"https:\/\/andorraskirental.com\/wp-content\/uploads\/2019\/08\/logo-asr-menu-superior.png\",\"width\":200,\"height\":46,\"caption\":\"Andorra Ski Rental\"},\"image\":{\"@id\":\"https:\/\/andorraskirental.com\/fr\/#\/schema\/logo\/image\/\"},\"sameAs\":[\"https:\/\/www.instagram.com\/andorra.ski.rental\/\"]}]}<\/script>\n<!-- \/ Yoast SEO plugin. -->","yoast_head_json":{"title":"Location skis \u00e0 Canillo - Esports Elit - Andorra Ski Rental","description":"Chez Esports Elit, nous vous proposons une location de skis et de snowboards \u00e0 Canillo, avec un service personnalis\u00e9 et \u00e0 proximit\u00e9 des pistes.","robots":{"index":"index","follow":"follow","max-snippet":"max-snippet:-1","max-image-preview":"max-image-preview:large","max-video-preview":"max-video-preview:-1"},"canonical":"https:\/\/andorraskirental.com\/fr\/location-skis-canillo\/","og_locale":"fr_FR","og_type":"article","og_title":"Location skis \u00e0 Canillo - Esports Elit - Andorra Ski Rental","og_description":"Chez Esports Elit, nous vous proposons une location de skis et de snowboards \u00e0 Canillo, avec un service personnalis\u00e9 et \u00e0 proximit\u00e9 des pistes.","og_url":"https:\/\/andorraskirental.com\/fr\/location-skis-canillo\/","og_site_name":"Andorra Ski Rental","article_modified_time":"2024-10-30T11:22:03+00:00","twitter_card":"summary_large_image","twitter_misc":{"Dur\u00e9e de lecture estim\u00e9e":"3 minutes"},"schema":{"@context":"https:\/\/schema.org","@graph":[{"@type":"WebPage","@id":"https:\/\/andorraskirental.com\/fr\/location-skis-canillo\/","url":"https:\/\/andorraskirental.com\/fr\/location-skis-canillo\/","name":"Location skis \u00e0 Canillo - Esports Elit - Andorra Ski Rental","isPartOf":{"@id":"https:\/\/andorraskirental.com\/fr\/#website"},"datePublished":"2020-11-16T09:32:29+00:00","dateModified":"2024-10-30T11:22:03+00:00","description":"Chez Esports Elit, nous vous proposons une location de skis et de snowboards \u00e0 Canillo, avec un service personnalis\u00e9 et \u00e0 proximit\u00e9 des pistes.","breadcrumb":{"@id":"https:\/\/andorraskirental.com\/fr\/location-skis-canillo\/#breadcrumb"},"inLanguage":"fr-FR","potentialAction":[{"@type":"ReadAction","target":["https:\/\/andorraskirental.com\/fr\/location-skis-canillo\/"]}]},{"@type":"BreadcrumbList","@id":"https:\/\/andorraskirental.com\/fr\/location-skis-canillo\/#breadcrumb","itemListElement":[{"@type":"ListItem","position":1,"name":"Inici","item":"https:\/\/andorraskirental.com\/fr\/"},{"@type":"ListItem","position":2,"name":"Location skis \u00e0 Canillo &#8211; Esports Elit"}]},{"@type":"WebSite","@id":"https:\/\/andorraskirental.com\/fr\/#website","url":"https:\/\/andorraskirental.com\/fr\/","name":"Andorra Ski Rental","description":"El portal de lloguer on-line d&#039;esqu\u00eds a Andorra. Properament...","publisher":{"@id":"https:\/\/andorraskirental.com\/fr\/#organization"},"potentialAction":[{"@type":"SearchAction","target":{"@type":"EntryPoint","urlTemplate":"https:\/\/andorraskirental.com\/fr\/?s={search_term_string}"},"query-input":{"@type":"PropertyValueSpecification","valueRequired":true,"valueName":"search_term_string"}}],"inLanguage":"fr-FR"},{"@type":"Organization","@id":"https:\/\/andorraskirental.com\/fr\/#organization","name":"Andorra Ski Rental","url":"https:\/\/andorraskirental.com\/fr\/","logo":{"@type":"ImageObject","inLanguage":"fr-FR","@id":"https:\/\/andorraskirental.com\/fr\/#\/schema\/logo\/image\/","url":"https:\/\/andorraskirental.com\/wp-content\/uploads\/2019\/08\/logo-asr-menu-superior.png","contentUrl":"https:\/\/andorraskirental.com\/wp-content\/uploads\/2019\/08\/logo-asr-menu-superior.png","width":200,"height":46,"caption":"Andorra Ski Rental"},"image":{"@id":"https:\/\/andorraskirental.com\/fr\/#\/schema\/logo\/image\/"},"sameAs":["https:\/\/www.instagram.com\/andorra.ski.rental\/"]}]}},"_links":{"self":[{"href":"https:\/\/andorraskirental.com\/fr\/wp-json\/wp\/v2\/pages\/32611","targetHints":{"allow":["GET"]}}],"collection":[{"href":"https:\/\/andorraskirental.com\/fr\/wp-json\/wp\/v2\/pages"}],"about":[{"href":"https:\/\/andorraskirental.com\/fr\/wp-json\/wp\/v2\/types\/page"}],"author":[{"embeddable":true,"href":"https:\/\/andorraskirental.com\/fr\/wp-json\/wp\/v2\/users\/1"}],"replies":[{"embeddable":true,"href":"https:\/\/andorraskirental.com\/fr\/wp-json\/wp\/v2\/comments?post=32611"}],"version-history":[{"count":4,"href":"https:\/\/andorraskirental.com\/fr\/wp-json\/wp\/v2\/pages\/32611\/revisions"}],"predecessor-version":[{"id":32619,"href":"https:\/\/andorraskirental.com\/fr\/wp-json\/wp\/v2\/pages\/32611\/revisions\/32619"}],"wp:attachment":[{"href":"https:\/\/andorraskirental.com\/fr\/wp-json\/wp\/v2\/media?parent=32611"}],"curies":[{"name":"wp","href":"https:\/\/api.w.org\/{rel}","templated":true}]}}