{"id":33148,"date":"2022-10-03T17:02:35","date_gmt":"2022-10-03T15:02:35","guid":{"rendered":"https:\/\/andorraskirental.com\/llogar-esquis-ordino-esports-les-planes\/"},"modified":"2022-11-10T10:51:40","modified_gmt":"2022-11-10T08:51:40","slug":"ski-rental-ordino-esports-les-planes","status":"publish","type":"page","link":"https:\/\/andorraskirental.com\/en\/ski-rental-ordino-esports-les-planes\/","title":{"rendered":"Ski rental in Ordino &#8211; Esports Les Planes"},"content":{"rendered":"<p>[vc_row full_width=&#8221;stretch_row&#8221; content_placement=&#8221;middle&#8221; css=&#8221;.vc_custom_1573831270269{background-image: url(https:\/\/andorraskirental.com\/wp-content\/uploads\/2019\/11\/imatge-fons-botigues-logo.jpg?id=31822) !important;background-position: center !important;background-repeat: no-repeat !important;background-size: cover !important;}&#8221;][vc_column width=&#8221;1\/4&#8243;][vc_single_image image=&#8221;33057&#8243; img_size=&#8221;150&#215;150&#8243;][\/vc_column][vc_column width=&#8221;3\/4&#8243;][vc_custom_heading text=&#8221;Your rental ski store in Ordino&#8221; font_container=&#8221;tag:h1|font_size:25|text_align:justify|color:%23cc0036&#8243; google_fonts=&#8221;font_family:Permanent%20Marker%3Aregular|font_style:400%20regular%3A400%3Anormal&#8221;][\/vc_column][\/vc_row][vc_row css=&#8221;.vc_custom_1569252059800{margin-top: 20px !important;margin-bottom: 20px !important;}&#8221;][vc_column][vc_btn title=&#8221;Online rental at client website&#8221; style=&#8221;custom&#8221; custom_background=&#8221;#006192&#8243; custom_text=&#8221;#f2f2f2&#8243; size=&#8221;lg&#8221; align=&#8221;left&#8221; i_type=&#8221;typicons&#8221; i_icon_typicons=&#8221;typcn typcn-arrow-right&#8221; add_icon=&#8221;true&#8221; link=&#8221;url:https%3A%2F%2Fesportslesplanes.com%2Freserva-online-alquiler-invierno%2F|title:Lloguer%20esqu%C3%ADs%20Esports%20Les%20Planes|target:%20_blank|rel:nofollow&#8221;][\/vc_column][\/vc_row][vc_row][vc_column][vc_custom_heading text=&#8221;Our advantages&#8221; google_fonts=&#8221;font_family:Permanent%20Marker%3Aregular|font_style:400%20regular%3A400%3Anormal&#8221; css=&#8221;.vc_custom_1668069168098{margin-bottom: -20px !important;}&#8221;][\/vc_column][\/vc_row][vc_row equal_height=&#8221;yes&#8221; css=&#8221;.vc_custom_1568195981496{padding-top: 40px !important;padding-bottom: 10px !important;}&#8221;][vc_column width=&#8221;1\/3&#8243;]<div data-id=\"mpc_callout-4469d34601690e3\" class=\"mpc-callout mpc-init mpc-callout--style_2 \" ><div class=\"mpc-callout__icon-wrap mpc-icon--image\"><div class=\"mpc-callout__icon\"><i class=\"mpc-transition \"><img loading=\"lazy\" decoding=\"async\" class=\"\" src=\"https:\/\/andorraskirental.com\/wp-content\/uploads\/2022\/10\/taller-reparacion-esquis-ordino-70x70.png\" width=\"70\" height=\"70\" alt=\"Taller reparaci\u00f3 esquis ordino\" title=\"taller reparacion esquis ordino\" \/><\/i><\/div><\/div><div class=\"mpc-callout__content\"><h3 class=\"mpc-callout__heading mpc-typography--mpc_preset_47\">Repair workshop<\/h3><div data-id=\"mpc_divider-3369d346016910b\" class=\"mpc-divider-wrap\"><div class=\"mpc-divider mpc-init mpc-align--center mpc-disable--left \" ><div class=\"mpc-divider__line mpc-side--left\"><span><\/span><\/div><div class=\"mpc-divider__line mpc-side--right\"><span><\/span><\/div><\/div><\/div><div class=\"mpc-callout__description\"><p class=\"p1\">We have a repair shop in our store. We have at our disposal the best skiman team ready to tune up your equipment and carry out all kinds of repairs so that you can fully enjoy skiing or snowboarding.<\/p>\n<\/div><\/div><\/div>[\/vc_column][vc_column width=&#8221;1\/3&#8243;]<div data-id=\"mpc_callout-4469d3460169424\" class=\"mpc-callout mpc-init mpc-callout--style_2 \" ><div class=\"mpc-callout__icon-wrap mpc-icon--image\"><div class=\"mpc-callout__icon\"><i class=\"mpc-transition \"><img loading=\"lazy\" decoding=\"async\" class=\"\" src=\"https:\/\/andorraskirental.com\/wp-content\/uploads\/2022\/10\/tabla-de-snowboard-70x70.png\" width=\"70\" height=\"70\" alt=\"lloguer esquis ordino\" title=\"tabla-de-snowboard\" \/><\/i><\/div><\/div><div class=\"mpc-callout__content\"><h3 class=\"mpc-callout__heading mpc-typography--mpc_preset_47\">Rental materials<\/h3><div data-id=\"mpc_divider-3469d3460169443\" class=\"mpc-divider-wrap\"><div class=\"mpc-divider mpc-init mpc-align--center mpc-disable--left \" ><div class=\"mpc-divider__line mpc-side--left\"><span><\/span><\/div><div class=\"mpc-divider__line mpc-side--right\"><span><\/span><\/div><\/div><\/div><div class=\"mpc-callout__description\"><p class=\"p1\">At Esports Les Planes we have a wide range of equipment for skiing, snowboarding, mountain skiing and all kinds of accessories. We also have boots for all types of feet. From number 18 to 51. We&#8217;re sure to have your size!<\/p>\n<\/div><\/div><\/div>[\/vc_column][vc_column width=&#8221;1\/3&#8243;]<div data-id=\"mpc_callout-3269d346016972e\" class=\"mpc-callout mpc-init mpc-callout--style_2 \" ><div class=\"mpc-callout__icon-wrap mpc-icon--image\"><div class=\"mpc-callout__icon\"><i class=\"mpc-transition \"><img loading=\"lazy\" decoding=\"async\" class=\"\" src=\"https:\/\/andorraskirental.com\/wp-content\/uploads\/2022\/10\/botiga-esqui-ordino-70x70.png\" width=\"70\" height=\"70\" alt=\"botiga esqui ordino\" title=\"botiga esqui ordino\" \/><\/i><\/div><\/div><div class=\"mpc-callout__content\"><h3 class=\"mpc-callout__heading mpc-typography--mpc_preset_47\">Point of sale<\/h3><div data-id=\"mpc_divider-2869d3460169744\" class=\"mpc-divider-wrap\"><div class=\"mpc-divider mpc-init mpc-align--center mpc-disable--left \" ><div class=\"mpc-divider__line mpc-side--left\"><span><\/span><\/div><div class=\"mpc-divider__line mpc-side--right\"><span><\/span><\/div><\/div><\/div><div class=\"mpc-callout__description\"><p class=\"p1\">You will also find all kinds of material to buy. From the cheapest equipment to the most technical and specialized. We sell skis, boots, poles, helmets, sunglasses. Ski clothes such as jackets, pants, socks, gloves, etc.<\/p>\n<\/div><\/div><\/div>[\/vc_column][\/vc_row][vc_row css=&#8221;.vc_custom_1569251180807{margin-top: 40px !important;}&#8221;][vc_column][vc_custom_heading text=&#8221;Store video&#8221; google_fonts=&#8221;font_family:Permanent%20Marker%3Aregular|font_style:400%20regular%3A400%3Anormal&#8221; css=&#8221;.vc_custom_1668069180111{margin-bottom: -20px !important;}&#8221;][\/vc_column][\/vc_row][vc_row css=&#8221;.vc_custom_1569342472673{margin-top: 40px !important;}&#8221;][vc_column][vc_video link=&#8221;https:\/\/www.youtube.com\/watch?v=RhcJdmraBCc&#8221; el_width=&#8221;60&#8243; align=&#8221;center&#8221;][\/vc_column][\/vc_row][vc_row][vc_column css=&#8221;.vc_custom_1568047258296{padding-top: 25px !important;}&#8221;][vc_custom_heading text=&#8221;Where to find us?&#8221; google_fonts=&#8221;font_family:Permanent%20Marker%3Aregular|font_style:400%20regular%3A400%3Anormal&#8221;][vc_gmaps link=&#8221;#E-8_JTNDaWZyYW1lJTIwc3JjJTNEJTIyaHR0cHMlM0ElMkYlMkZ3d3cuZ29vZ2xlLmNvbSUyRm1hcHMlMkZlbWJlZCUzRnBiJTNEJTIxMW0xNCUyMTFtOCUyMTFtMyUyMTFkOTYwMi45MjkwOTI5NTk2NTQlMjEyZDEuNTI2OTQ4NzgwNzQ5Mzk3JTIxM2Q0Mi41NjMyNTg2OTg4NjM3NyUyMTNtMiUyMTFpMTAyNCUyMTJpNzY4JTIxNGYxMy4xJTIxM20zJTIxMW0yJTIxMXMweDAlMjUzQTB4ZGQ3ZWZkNDdiMjBhODM4MyUyMTJzRXNwb3J0cyUyNTIwTGVzJTI1MjBQbGFuZXMlMjE1ZTAlMjEzbTIlMjExc2NhJTIxMnNhZCUyMTR2MTY2NDgwODk0ODUwMyUyMTVtMiUyMTFzY2ElMjEyc2FkJTIyJTIwd2lkdGglM0QlMjIxMTAwJTIyJTIwaGVpZ2h0JTNEJTIyNDAwJTIyJTIwc3R5bGUlM0QlMjJib3JkZXIlM0EwJTNCJTIyJTIwYWxsb3dmdWxsc2NyZWVuJTNEJTIyJTIyJTIwbG9hZGluZyUzRCUyMmxhenklMjIlMjByZWZlcnJlcnBvbGljeSUzRCUyMm5vLXJlZmVycmVyLXdoZW4tZG93bmdyYWRlJTIyJTNFJTNDJTJGaWZyYW1lJTNF&#8221;][\/vc_column][\/vc_row][vc_row][vc_column][vc_custom_heading text=&#8221;Any doubts? Let us know!&#8221; google_fonts=&#8221;font_family:Permanent%20Marker%3Aregular|font_style:400%20regular%3A400%3Anormal&#8221; css=&#8221;.vc_custom_1668069236807{margin-top: 40px !important;margin-bottom: -20px !important;}&#8221;][\/vc_column][\/vc_row][vc_row][vc_column width=&#8221;1\/2&#8243; css=&#8221;.vc_custom_1571827098444{margin-top: 40px !important;padding-top: 72px !important;padding-right: 40px !important;padding-bottom: 72px !important;padding-left: 40px !important;background-image: url(https:\/\/andorraskirental.com\/wp-content\/uploads\/2019\/10\/fons-contacte.jpg?id=31652) !important;background-position: 0 0 !important;background-repeat: no-repeat !important;border-radius: 10px !important;}&#8221;][vc_column_text]<\/p>\n<h4><strong>Contact Esports Les Planes<\/strong><\/h4>\n<p style=\"text-align: left;\"><span style=\"color: #5c5c5c;\"><strong>Adress: <\/strong>Edifici Bringu\u00e9, baixos 2, Crta de l&#8217;Hort\u00f3 &#8211; AD300 Sorn\u00e0s (ORDINO)<\/span><\/p>\n<p style=\"text-align: left;\"><span style=\"color: #5c5c5c;\"><strong>Email:<\/strong> esportslesplanes@gmail.com<\/span><\/p>\n<p style=\"text-align: left;\"><span style=\"color: #5c5c5c;\"><strong>Phone number:<\/strong> +376 850334<\/span><\/p>\n<p style=\"text-align: left;\"><span style=\"color: #5c5c5c;\"><strong>Website:<\/strong> <a href=\"http:\/\/www.esportslesplanes.com\" target=\"_blank\" rel=\"noopener noreferrer\">www.esportslesplanes.com<\/a><\/span><\/p>\n<p>[\/vc_column_text][\/vc_column][vc_column width=&#8221;1\/2&#8243; css=&#8221;.vc_custom_1571827112300{margin-top: 30px !important;padding-top: 30px !important;padding-left: 30px !important;background-color: rgba(255,255,255,0.85) !important;*background-color: rgb(255,255,255) !important;}&#8221;]\n<div class=\"wpcf7 no-js\" id=\"wpcf7-f31945-o1\" lang=\"ca\" dir=\"ltr\" data-wpcf7-id=\"31945\">\n<div class=\"screen-reader-response\"><p role=\"status\" aria-live=\"polite\" aria-atomic=\"true\"><\/p> <ul><\/ul><\/div>\n<form action=\"\/en\/wp-json\/wp\/v2\/pages\/33148#wpcf7-f31945-o1\" method=\"post\" class=\"wpcf7-form init\" aria-label=\"Formulari de contacte\" novalidate=\"novalidate\" data-status=\"init\">\n<fieldset class=\"hidden-fields-container\"><input type=\"hidden\" name=\"_wpcf7\" value=\"31945\" \/><input type=\"hidden\" name=\"_wpcf7_version\" value=\"6.1.2\" \/><input type=\"hidden\" name=\"_wpcf7_locale\" value=\"ca\" \/><input type=\"hidden\" name=\"_wpcf7_unit_tag\" value=\"wpcf7-f31945-o1\" \/><input type=\"hidden\" name=\"_wpcf7_container_post\" value=\"0\" \/><input type=\"hidden\" name=\"_wpcf7_posted_data_hash\" value=\"\" \/>\n<\/fieldset>\n<p><span class=\"wpcf7-form-control-wrap\" data-name=\"your-name\"><input size=\"40\" maxlength=\"400\" class=\"wpcf7-form-control wpcf7-text wpcf7-validates-as-required\" aria-required=\"true\" aria-invalid=\"false\" placeholder=\"Your Name\" value=\"\" type=\"text\" name=\"your-name\" \/><\/span>\n<\/p>\n<p><span class=\"wpcf7-form-control-wrap\" data-name=\"your-email\"><input size=\"40\" maxlength=\"400\" class=\"wpcf7-form-control wpcf7-email wpcf7-validates-as-required wpcf7-text wpcf7-validates-as-email\" aria-required=\"true\" aria-invalid=\"false\" placeholder=\"Your Email\" value=\"\" type=\"email\" name=\"your-email\" \/><\/span>\n<\/p>\n<p><span class=\"wpcf7-form-control-wrap\" data-name=\"your-subject\"><input size=\"40\" maxlength=\"400\" class=\"wpcf7-form-control wpcf7-text\" aria-invalid=\"false\" placeholder=\"Subject\" value=\"\" type=\"text\" name=\"your-subject\" \/><\/span>\n<\/p>\n<p><span class=\"wpcf7-form-control-wrap\" data-name=\"your-message\"><textarea cols=\"40\" rows=\"4\" maxlength=\"2000\" class=\"wpcf7-form-control wpcf7-textarea\" aria-invalid=\"false\" placeholder=\"Your Message\" name=\"your-message\"><\/textarea><\/span>\n<\/p>\n<p\/>\n<\/p>\n<p><input class=\"wpcf7-form-control wpcf7-submit has-spinner\" type=\"submit\" value=\"Send\" \/>\n<\/p><p style=\"display: none !important;\" class=\"akismet-fields-container\" data-prefix=\"_wpcf7_ak_\"><label>&#916;<textarea name=\"_wpcf7_ak_hp_textarea\" cols=\"45\" rows=\"8\" maxlength=\"100\"><\/textarea><\/label><input type=\"hidden\" id=\"ak_js_1\" name=\"_wpcf7_ak_js\" value=\"32\"\/><script>document.getElementById( \"ak_js_1\" ).setAttribute( \"value\", ( new Date() ).getTime() );<\/script><\/p><div class=\"wpcf7-response-output\" aria-hidden=\"true\"><\/div>\n<\/form>\n<\/div>\n[\/vc_column][\/vc_row]<\/p>\n","protected":false},"excerpt":{"rendered":"<p>[vc_row full_width=&#8221;stretch_row&#8221; content_placement=&#8221;middle&#8221; css=&#8221;.vc_custom_1573831270269{background-image: url(https:\/\/andorraskirental.com\/wp-content\/uploads\/2019\/11\/imatge-fons-botigues-logo.jpg?id=31822) !important;background-position: center !important;background-repeat: no-repeat !important;background-size: cover !important;}&#8221;][vc_column width=&#8221;1\/4&#8243;][vc_single_image image=&#8221;33057&#8243; img_size=&#8221;150&#215;150&#8243;][\/vc_column][vc_column width=&#8221;3\/4&#8243;][vc_custom_heading text=&#8221;Your rental ski store in Ordino&#8221; font_container=&#8221;tag:h1|font_size:25|text_align:justify|color:%23cc0036&#8243; google_fonts=&#8221;font_family:Permanent%20Marker%3Aregular|font_style:400%20regular%3A400%3Anormal&#8221;][\/vc_column][\/vc_row][vc_row css=&#8221;.vc_custom_1569252059800{margin-top: 20px !important;margin-bottom: 20px !important;}&#8221;][vc_column][vc_btn title=&#8221;Online rental at client website&#8221; style=&#8221;custom&#8221; custom_background=&#8221;#006192&#8243; custom_text=&#8221;#f2f2f2&#8243; size=&#8221;lg&#8221; align=&#8221;left&#8221; i_type=&#8221;typicons&#8221; i_icon_typicons=&#8221;typcn typcn-arrow-right&#8221; add_icon=&#8221;true&#8221; link=&#8221;url:https%3A%2F%2Fesportslesplanes.com%2Freserva-online-alquiler-invierno%2F|title:Lloguer%20esqu%C3%ADs%20Esports%20Les%20Planes|target:%20_blank|rel:nofollow&#8221;][\/vc_column][\/vc_row][vc_row][vc_column][vc_custom_heading text=&#8221;Our advantages&#8221; google_fonts=&#8221;font_family:Permanent%20Marker%3Aregular|font_style:400%20regular%3A400%3Anormal&#8221; css=&#8221;.vc_custom_1668069168098{margin-bottom: -20px !important;}&#8221;][\/vc_column][\/vc_row][vc_row equal_height=&#8221;yes&#8221; css=&#8221;.vc_custom_1568195981496{padding-top: 40px !important;padding-bottom: 10px<\/p>\n","protected":false},"author":1,"featured_media":0,"parent":0,"menu_order":0,"comment_status":"closed","ping_status":"closed","template":"","meta":{"footnotes":""},"class_list":["post-33148","page","type-page","status-publish","hentry"],"yoast_head":"<!-- This site is optimized with the Yoast SEO plugin v26.0 - https:\/\/yoast.com\/wordpress\/plugins\/seo\/ -->\n<title>Ski rental in Ordino, Esports Les Planes - Andorra Ski Rental<\/title>\n<meta name=\"description\" content=\"At Esports Les Planes we have a wide range for ski hire, snowboard hire and all types of equipment from the world of snow.\" \/>\n<meta name=\"robots\" content=\"index, follow, max-snippet:-1, max-image-preview:large, max-video-preview:-1\" \/>\n<link rel=\"canonical\" href=\"https:\/\/andorraskirental.com\/en\/ski-rental-ordino-esports-les-planes\/\" \/>\n<meta property=\"og:locale\" content=\"en_US\" \/>\n<meta property=\"og:type\" content=\"article\" \/>\n<meta property=\"og:title\" content=\"Ski rental in Ordino, Esports Les Planes - Andorra Ski Rental\" \/>\n<meta property=\"og:description\" content=\"At Esports Les Planes we have a wide range for ski hire, snowboard hire and all types of equipment from the world of snow.\" \/>\n<meta property=\"og:url\" content=\"https:\/\/andorraskirental.com\/en\/ski-rental-ordino-esports-les-planes\/\" \/>\n<meta property=\"og:site_name\" content=\"Andorra Ski Rental\" \/>\n<meta property=\"article:modified_time\" content=\"2022-11-10T08:51:40+00:00\" \/>\n<meta name=\"twitter:card\" content=\"summary_large_image\" \/>\n<meta name=\"twitter:label1\" content=\"Est. reading time\" \/>\n\t<meta name=\"twitter:data1\" content=\"3 minutes\" \/>\n<script type=\"application\/ld+json\" class=\"yoast-schema-graph\">{\"@context\":\"https:\/\/schema.org\",\"@graph\":[{\"@type\":\"WebPage\",\"@id\":\"https:\/\/andorraskirental.com\/en\/ski-rental-ordino-esports-les-planes\/\",\"url\":\"https:\/\/andorraskirental.com\/en\/ski-rental-ordino-esports-les-planes\/\",\"name\":\"Ski rental in Ordino, Esports Les Planes - Andorra Ski Rental\",\"isPartOf\":{\"@id\":\"https:\/\/andorraskirental.com\/en\/#website\"},\"datePublished\":\"2022-10-03T15:02:35+00:00\",\"dateModified\":\"2022-11-10T08:51:40+00:00\",\"description\":\"At Esports Les Planes we have a wide range for ski hire, snowboard hire and all types of equipment from the world of snow.\",\"breadcrumb\":{\"@id\":\"https:\/\/andorraskirental.com\/en\/ski-rental-ordino-esports-les-planes\/#breadcrumb\"},\"inLanguage\":\"en-US\",\"potentialAction\":[{\"@type\":\"ReadAction\",\"target\":[\"https:\/\/andorraskirental.com\/en\/ski-rental-ordino-esports-les-planes\/\"]}]},{\"@type\":\"BreadcrumbList\",\"@id\":\"https:\/\/andorraskirental.com\/en\/ski-rental-ordino-esports-les-planes\/#breadcrumb\",\"itemListElement\":[{\"@type\":\"ListItem\",\"position\":1,\"name\":\"Inici\",\"item\":\"https:\/\/andorraskirental.com\/en\/\"},{\"@type\":\"ListItem\",\"position\":2,\"name\":\"Ski rental in Ordino &#8211; Esports Les Planes\"}]},{\"@type\":\"WebSite\",\"@id\":\"https:\/\/andorraskirental.com\/en\/#website\",\"url\":\"https:\/\/andorraskirental.com\/en\/\",\"name\":\"Andorra Ski Rental\",\"description\":\"El portal de lloguer on-line d&#039;esqu\u00eds a Andorra. Properament...\",\"publisher\":{\"@id\":\"https:\/\/andorraskirental.com\/en\/#organization\"},\"potentialAction\":[{\"@type\":\"SearchAction\",\"target\":{\"@type\":\"EntryPoint\",\"urlTemplate\":\"https:\/\/andorraskirental.com\/en\/?s={search_term_string}\"},\"query-input\":{\"@type\":\"PropertyValueSpecification\",\"valueRequired\":true,\"valueName\":\"search_term_string\"}}],\"inLanguage\":\"en-US\"},{\"@type\":\"Organization\",\"@id\":\"https:\/\/andorraskirental.com\/en\/#organization\",\"name\":\"Andorra Ski Rental\",\"url\":\"https:\/\/andorraskirental.com\/en\/\",\"logo\":{\"@type\":\"ImageObject\",\"inLanguage\":\"en-US\",\"@id\":\"https:\/\/andorraskirental.com\/en\/#\/schema\/logo\/image\/\",\"url\":\"https:\/\/andorraskirental.com\/wp-content\/uploads\/2019\/08\/logo-asr-menu-superior.png\",\"contentUrl\":\"https:\/\/andorraskirental.com\/wp-content\/uploads\/2019\/08\/logo-asr-menu-superior.png\",\"width\":200,\"height\":46,\"caption\":\"Andorra Ski Rental\"},\"image\":{\"@id\":\"https:\/\/andorraskirental.com\/en\/#\/schema\/logo\/image\/\"},\"sameAs\":[\"https:\/\/www.instagram.com\/andorra.ski.rental\/\"]}]}<\/script>\n<!-- \/ Yoast SEO plugin. -->","yoast_head_json":{"title":"Ski rental in Ordino, Esports Les Planes - Andorra Ski Rental","description":"At Esports Les Planes we have a wide range for ski hire, snowboard hire and all types of equipment from the world of snow.","robots":{"index":"index","follow":"follow","max-snippet":"max-snippet:-1","max-image-preview":"max-image-preview:large","max-video-preview":"max-video-preview:-1"},"canonical":"https:\/\/andorraskirental.com\/en\/ski-rental-ordino-esports-les-planes\/","og_locale":"en_US","og_type":"article","og_title":"Ski rental in Ordino, Esports Les Planes - Andorra Ski Rental","og_description":"At Esports Les Planes we have a wide range for ski hire, snowboard hire and all types of equipment from the world of snow.","og_url":"https:\/\/andorraskirental.com\/en\/ski-rental-ordino-esports-les-planes\/","og_site_name":"Andorra Ski Rental","article_modified_time":"2022-11-10T08:51:40+00:00","twitter_card":"summary_large_image","twitter_misc":{"Est. reading time":"3 minutes"},"schema":{"@context":"https:\/\/schema.org","@graph":[{"@type":"WebPage","@id":"https:\/\/andorraskirental.com\/en\/ski-rental-ordino-esports-les-planes\/","url":"https:\/\/andorraskirental.com\/en\/ski-rental-ordino-esports-les-planes\/","name":"Ski rental in Ordino, Esports Les Planes - Andorra Ski Rental","isPartOf":{"@id":"https:\/\/andorraskirental.com\/en\/#website"},"datePublished":"2022-10-03T15:02:35+00:00","dateModified":"2022-11-10T08:51:40+00:00","description":"At Esports Les Planes we have a wide range for ski hire, snowboard hire and all types of equipment from the world of snow.","breadcrumb":{"@id":"https:\/\/andorraskirental.com\/en\/ski-rental-ordino-esports-les-planes\/#breadcrumb"},"inLanguage":"en-US","potentialAction":[{"@type":"ReadAction","target":["https:\/\/andorraskirental.com\/en\/ski-rental-ordino-esports-les-planes\/"]}]},{"@type":"BreadcrumbList","@id":"https:\/\/andorraskirental.com\/en\/ski-rental-ordino-esports-les-planes\/#breadcrumb","itemListElement":[{"@type":"ListItem","position":1,"name":"Inici","item":"https:\/\/andorraskirental.com\/en\/"},{"@type":"ListItem","position":2,"name":"Ski rental in Ordino &#8211; Esports Les Planes"}]},{"@type":"WebSite","@id":"https:\/\/andorraskirental.com\/en\/#website","url":"https:\/\/andorraskirental.com\/en\/","name":"Andorra Ski Rental","description":"El portal de lloguer on-line d&#039;esqu\u00eds a Andorra. Properament...","publisher":{"@id":"https:\/\/andorraskirental.com\/en\/#organization"},"potentialAction":[{"@type":"SearchAction","target":{"@type":"EntryPoint","urlTemplate":"https:\/\/andorraskirental.com\/en\/?s={search_term_string}"},"query-input":{"@type":"PropertyValueSpecification","valueRequired":true,"valueName":"search_term_string"}}],"inLanguage":"en-US"},{"@type":"Organization","@id":"https:\/\/andorraskirental.com\/en\/#organization","name":"Andorra Ski Rental","url":"https:\/\/andorraskirental.com\/en\/","logo":{"@type":"ImageObject","inLanguage":"en-US","@id":"https:\/\/andorraskirental.com\/en\/#\/schema\/logo\/image\/","url":"https:\/\/andorraskirental.com\/wp-content\/uploads\/2019\/08\/logo-asr-menu-superior.png","contentUrl":"https:\/\/andorraskirental.com\/wp-content\/uploads\/2019\/08\/logo-asr-menu-superior.png","width":200,"height":46,"caption":"Andorra Ski Rental"},"image":{"@id":"https:\/\/andorraskirental.com\/en\/#\/schema\/logo\/image\/"},"sameAs":["https:\/\/www.instagram.com\/andorra.ski.rental\/"]}]}},"_links":{"self":[{"href":"https:\/\/andorraskirental.com\/en\/wp-json\/wp\/v2\/pages\/33148","targetHints":{"allow":["GET"]}}],"collection":[{"href":"https:\/\/andorraskirental.com\/en\/wp-json\/wp\/v2\/pages"}],"about":[{"href":"https:\/\/andorraskirental.com\/en\/wp-json\/wp\/v2\/types\/page"}],"author":[{"embeddable":true,"href":"https:\/\/andorraskirental.com\/en\/wp-json\/wp\/v2\/users\/1"}],"replies":[{"embeddable":true,"href":"https:\/\/andorraskirental.com\/en\/wp-json\/wp\/v2\/comments?post=33148"}],"version-history":[{"count":7,"href":"https:\/\/andorraskirental.com\/en\/wp-json\/wp\/v2\/pages\/33148\/revisions"}],"predecessor-version":[{"id":33156,"href":"https:\/\/andorraskirental.com\/en\/wp-json\/wp\/v2\/pages\/33148\/revisions\/33156"}],"wp:attachment":[{"href":"https:\/\/andorraskirental.com\/en\/wp-json\/wp\/v2\/media?parent=33148"}],"curies":[{"name":"wp","href":"https:\/\/api.w.org\/{rel}","templated":true}]}}